{"id":6919,"date":"2024-08-31T15:55:01","date_gmt":"2024-08-31T13:55:01","guid":{"rendered":"https:\/\/rehwald-associates.co.uk\/imprint\/"},"modified":"2024-10-11T18:06:24","modified_gmt":"2024-10-11T16:06:24","slug":"imprint","status":"publish","type":"page","link":"https:\/\/rehwald-associates.co.uk\/en\/imprint\/","title":{"rendered":"Imprint"},"content":{"rendered":"\n<p>Rehwald Associates GmbH<br\/>Altk\u00f6nigstra\u00dfe 4a<br\/>D-61462 K\u00f6nigstein im Taunus<\/p>\n\n<p><strong>Represented by:<\/strong><br\/>Manuel Rehwald<\/p>\n\n<h2 class=\"wp-block-heading\">Contact us<\/h2>\n\n<p>Phone: +49 6174 9357 639<br\/>E-mail: info@rehwald-associates.co.uk<\/p>\n\n<h2 class=\"wp-block-heading\">Sales tax ID<\/h2>\n\n<p>Value added tax identification number in accordance with \u00a7 27 a of the Value Added Tax Act:<br\/>DE277716332<\/p>\n\n<h2 class=\"wp-block-heading\">Editorially responsible<\/h2>\n\n<p>Manuel Rehwald<br\/>Altk\u00f6nigstr. 4a<br\/>D-61462 K\u00f6nigstein im Taunus <\/p>\n\n<h2 class=\"wp-block-heading\">Consumer dispute resolution\/universal arbitration board<\/h2>\n\n<p>We are not willing or obliged to participate in dispute resolution proceedings before a consumer arbitration board.<\/p>\n\n<p><\/p>\n","protected":false},"excerpt":{"rendered":"<p>Rehwald Associates GmbHAltk\u00f6nigstra\u00dfe 4aD-61462 K\u00f6nigstein im Taunus Represented by:Manuel Rehwald Contact us Phone: +49 6174 9357 639E-mail: info@rehwald-associates.co.uk Sales tax ID Value added tax identification number in [&hellip;]<\/p>\n","protected":false},"author":1,"featured_media":0,"parent":0,"menu_order":0,"comment_status":"closed","ping_status":"closed","template":"","meta":{"footnotes":""},"class_list":["post-6919","page","type-page","status-publish","hentry"],"_links":{"self":[{"href":"https:\/\/rehwald-associates.co.uk\/en\/wp-json\/wp\/v2\/pages\/6919","targetHints":{"allow":["GET"]}}],"collection":[{"href":"https:\/\/rehwald-associates.co.uk\/en\/wp-json\/wp\/v2\/pages"}],"about":[{"href":"https:\/\/rehwald-associates.co.uk\/en\/wp-json\/wp\/v2\/types\/page"}],"author":[{"embeddable":true,"href":"https:\/\/rehwald-associates.co.uk\/en\/wp-json\/wp\/v2\/users\/1"}],"replies":[{"embeddable":true,"href":"https:\/\/rehwald-associates.co.uk\/en\/wp-json\/wp\/v2\/comments?post=6919"}],"version-history":[{"count":1,"href":"https:\/\/rehwald-associates.co.uk\/en\/wp-json\/wp\/v2\/pages\/6919\/revisions"}],"predecessor-version":[{"id":6920,"href":"https:\/\/rehwald-associates.co.uk\/en\/wp-json\/wp\/v2\/pages\/6919\/revisions\/6920"}],"wp:attachment":[{"href":"https:\/\/rehwald-associates.co.uk\/en\/wp-json\/wp\/v2\/media?parent=6919"}],"curies":[{"name":"wp","href":"https:\/\/api.w.org\/{rel}","templated":true}]}}